{"id":77,"date":"2016-05-27T14:38:45","date_gmt":"2016-05-27T12:38:45","guid":{"rendered":"http:\/\/copponew2.apnetwork.it\/?page_id=77"},"modified":"2020-05-07T18:44:25","modified_gmt":"2020-05-07T16:44:25","slug":"storia","status":"publish","type":"page","link":"https:\/\/it.coppo1896.com\/?page_id=77","title":{"rendered":"Storia"},"content":{"rendered":"<p>[et_pb_section admin_label=&#8221;section&#8221; fullwidth=&#8221;on&#8221; specialty=&#8221;off&#8221; inner_shadow=&#8221;off&#8221; parallax=&#8221;off&#8221; background_color=&#8221;#2ea3f2&#8243;][et_pb_fullwidth_header admin_label=&#8221;Fullwidth Header&#8221; title=&#8221;La nostra storia&#8221; subhead=&#8221;Pi\u00f9 di cent&#8217;anni di passione&#8221; background_layout=&#8221;dark&#8221; text_orientation=&#8221;left&#8221; header_fullscreen=&#8221;off&#8221; header_scroll_down=&#8221;off&#8221; parallax=&#8221;off&#8221; parallax_method=&#8221;off&#8221; content_orientation=&#8221;center&#8221; image_orientation=&#8221;center&#8221; custom_button_one=&#8221;off&#8221; button_one_letter_spacing=&#8221;0&#8243; button_one_use_icon=&#8221;default&#8221; button_one_icon_placement=&#8221;right&#8221; button_one_on_hover=&#8221;on&#8221; button_one_letter_spacing_hover=&#8221;0&#8243; custom_button_two=&#8221;off&#8221; button_two_letter_spacing=&#8221;0&#8243; button_two_use_icon=&#8221;default&#8221; button_two_icon_placement=&#8221;right&#8221; button_two_on_hover=&#8221;on&#8221; button_two_letter_spacing_hover=&#8221;0&#8243; background_url=&#8221;https:\/\/it.coppo1896.com\/wp-content\/uploads\/2016\/05\/Ventimiglia.jpg&#8221;] [\/et_pb_fullwidth_header][\/et_pb_section][et_pb_section admin_label=&#8221;section&#8221;][et_pb_row admin_label=&#8221;Riga&#8221;][et_pb_column type=&#8221;1_3&#8243;][et_pb_image admin_label=&#8221;Immagine&#8221; src=&#8221;https:\/\/it.coppo1896.com\/wp-content\/uploads\/2016\/05\/1896-sito.jpg&#8221; show_in_lightbox=&#8221;off&#8221; url_new_window=&#8221;off&#8221; use_overlay=&#8221;off&#8221; animation=&#8221;off&#8221; sticky=&#8221;off&#8221; align=&#8221;left&#8221; force_fullwidth=&#8221;off&#8221; always_center_on_mobile=&#8221;on&#8221; use_border_color=&#8221;off&#8221; border_color=&#8221;#ffffff&#8221; border_style=&#8221;solid&#8221;] [\/et_pb_image][\/et_pb_column][et_pb_column type=&#8221;2_3&#8243;][et_pb_text admin_label=&#8221;Testo&#8221; background_layout=&#8221;light&#8221; text_orientation=&#8221;left&#8221; use_border_color=&#8221;off&#8221; border_color=&#8221;#ffffff&#8221; border_style=&#8221;solid&#8221;]<\/p>\n<p>Il gruppo di societ\u00e0 della famiglia Coppo ha una storia che inizia nel XIX secolo.<\/p>\n<p>Il capostipite Silvio Coppo d\u00e0 inizio infatti alla nostra storia aprendo con sua moglie Luisa un\u2019osteria a Ventimiglia nel 1896 e commerciando vini del Monferrato (Piemonte), sua terra d\u2019origine.<\/p>\n<p>Nel 1918, alla morte del fondatore, i suoi tre figli iniziano a trasformare progressivamente l\u2019attivit\u00e0 dell\u2019azienda da commercio in vini a produzione e commercio di bevande analcoliche e sciroppi, diventando leader nel nostro territorio e molto conosciuti specialmente per la famosa \u201cGazzosa Coppo\u201d.<\/p>\n<p>Negli anni &#8217;50, grazie anche al posizionamento strategico della nostra citt\u00e0 che si trova al confine con la Francia, la ditta Coppo intraprende la produzione di liquori e la commercializzazione lungo tutti i confini Italo-Francesi (Liguria-Piemonte-Valle d\u2019Aosta).<\/p>\n<p>&nbsp;<\/p>\n<p>[\/et_pb_text][\/et_pb_column][\/et_pb_row][et_pb_row admin_label=&#8221;row&#8221;][et_pb_column type=&#8221;4_4&#8243;][et_pb_text admin_label=&#8221;Text&#8221; background_layout=&#8221;light&#8221; text_orientation=&#8221;left&#8221; use_border_color=&#8221;off&#8221; border_color=&#8221;#ffffff&#8221; border_style=&#8221;solid&#8221;]<\/p>\n<p>La gamma dei prodotti propri viene quindi ampliata negli anni e ad essa affiancata l\u2019importazione e la distribuzione di marchi internazionali, in prevalenza di alcune delle pi\u00f9 importanti societ\u00e0 Francesi del settore.<\/p>\n<p>Negli anni \u201980 la ditta Coppo, con l\u2019entrata in societ\u00e0 della terza generazione, intraprende altres\u00ec il commercio al dettaglio aprendo alcuni negozi di liquori, vini e prodotti alimentari nei punti pi\u00f9 strategici della citt\u00e0.<\/p>\n<p>Nello stesso periodo si pone in atto una razionalizzazione dell\u2019assetto societario, dell\u2019organizzazione e della logistica che permette alla societ\u00e0 l\u2019avvio dell\u2019attivit\u00e0 di trading internazionale che gradualmente si sviluppa nei principali mercati mondiali (Europa, Giappone, Medio Oriente, Cina, ecc.).<\/p>\n<p>Nel nuovo secolo, con l\u2019entrata in societ\u00e0 della quarta generazione e grazie ai numerosi contatti creati in tutto il mondo, i mercati esteri vengono ulteriormente approfonditi, le collaborazioni internazionali solidificate e, con l\u2019ottica di prolungare la nostra attivit\u00e0 nel tempo, vengono aperte societ\u00e0 nei paesi ritenuti pi\u00f9 interessanti.<\/p>\n<p>Nel 2009 viene deciso di diversificare ulteriormente la nostra attivit\u00e0 e, dopo un attento studio relativo alle pi\u00f9 importanti commodities, si decide di puntare sui prodotti ittici, aggiungendo al nostro business un altro settore altrettanto grande ed importante.<\/p>\n<p style=\"margin: 0cm; margin-bottom: .0001pt; background: white; vertical-align: baseline;\"><span style=\"font-size: 10.5pt; font-family: 'Arial','sans-serif'; color: #666666;\">Nel 2020 viene siglato un accordo con la societ\u00e0 <em><strong>Beverly Hills Polo Club<\/strong><\/em> per la distribuzione in esclusiva nell\u2019intero mercato Europeo (Comunitario e non) dei profumi e deodoranti a loro marchio.<\/span><\/p>\n<p>La nostra storia continua con prodotti diversi, mercati diversi, esigenze diverse ma un\u2019unica filosofia che identifica nella qualit\u00e0 del prodotto e nella continuit\u00e0 del servizio gli elementi fondamentali per il successo delle nostre Aziende.<\/p>\n<p>[\/et_pb_text][\/et_pb_column][\/et_pb_row][\/et_pb_section]<\/p>\n","protected":false},"excerpt":{"rendered":"<p>[et_pb_section admin_label=&#8221;section&#8221; fullwidth=&#8221;on&#8221; specialty=&#8221;off&#8221; inner_shadow=&#8221;off&#8221; parallax=&#8221;off&#8221; background_color=&#8221;#2ea3f2&#8243;][et_pb_fullwidth_header admin_label=&#8221;Fullwidth Header&#8221; title=&#8221;La nostra storia&#8221; subhead=&#8221;Pi\u00f9 di cent&#8217;anni di passione&#8221; background_layout=&#8221;dark&#8221; text_orientation=&#8221;left&#8221; header_fullscreen=&#8221;off&#8221; header_scroll_down=&#8221;off&#8221; parallax=&#8221;off&#8221; parallax_method=&#8221;off&#8221; content_orientation=&#8221;center&#8221; image_orientation=&#8221;center&#8221; custom_button_one=&#8221;off&#8221; button_one_letter_spacing=&#8221;0&#8243; button_one_use_icon=&#8221;default&#8221; button_one_icon_placement=&#8221;right&#8221; button_one_on_hover=&#8221;on&#8221; button_one_letter_spacing_hover=&#8221;0&#8243; custom_button_two=&#8221;off&#8221; button_two_letter_spacing=&#8221;0&#8243; button_two_use_icon=&#8221;default&#8221; button_two_icon_placement=&#8221;right&#8221; button_two_on_hover=&#8221;on&#8221; button_two_letter_spacing_hover=&#8221;0&#8243; background_url=&#8221;https:\/\/it.coppo1896.com\/wp-content\/uploads\/2016\/05\/Ventimiglia.jpg&#8221;] [\/et_pb_fullwidth_header][\/et_pb_section][et_pb_section admin_label=&#8221;section&#8221;][et_pb_row admin_label=&#8221;Riga&#8221;][et_pb_column type=&#8221;1_3&#8243;][et_pb_image admin_label=&#8221;Immagine&#8221; src=&#8221;https:\/\/it.coppo1896.com\/wp-content\/uploads\/2016\/05\/1896-sito.jpg&#8221; show_in_lightbox=&#8221;off&#8221; url_new_window=&#8221;off&#8221; use_overlay=&#8221;off&#8221; animation=&#8221;off&#8221; sticky=&#8221;off&#8221; align=&#8221;left&#8221; force_fullwidth=&#8221;off&#8221; always_center_on_mobile=&#8221;on&#8221; use_border_color=&#8221;off&#8221; border_color=&#8221;#ffffff&#8221; border_style=&#8221;solid&#8221;] [&hellip;]<\/p>\n","protected":false},"author":2,"featured_media":0,"parent":0,"menu_order":1,"comment_status":"closed","ping_status":"closed","template":"","meta":{"_et_pb_use_builder":"on","_et_pb_old_content":"","_et_gb_content_width":"","_monsterinsights_skip_tracking":false,"_monsterinsights_sitenote_active":false,"_monsterinsights_sitenote_note":"","_monsterinsights_sitenote_category":0,"footnotes":""},"class_list":["post-77","page","type-page","status-publish","hentry"],"yoast_head":"<!-- This site is optimized with the Yoast SEO plugin v25.6 - https:\/\/yoast.com\/wordpress\/plugins\/seo\/ -->\n<title>Storia - Coppo 1896<\/title>\n<meta name=\"robots\" content=\"index, follow, max-snippet:-1, max-image-preview:large, max-video-preview:-1\" \/>\n<link rel=\"canonical\" href=\"https:\/\/it.coppo1896.com\/?page_id=77\" \/>\n<meta property=\"og:locale\" content=\"it_IT\" \/>\n<meta property=\"og:type\" content=\"article\" \/>\n<meta property=\"og:title\" content=\"Storia - Coppo 1896\" \/>\n<meta property=\"og:description\" content=\"[et_pb_section admin_label=&#8221;section&#8221; fullwidth=&#8221;on&#8221; specialty=&#8221;off&#8221; inner_shadow=&#8221;off&#8221; parallax=&#8221;off&#8221; background_color=&#8221;#2ea3f2&#8243;][et_pb_fullwidth_header admin_label=&#8221;Fullwidth Header&#8221; title=&#8221;La nostra storia&#8221; subhead=&#8221;Pi\u00f9 di cent&#8217;anni di passione&#8221; background_layout=&#8221;dark&#8221; text_orientation=&#8221;left&#8221; header_fullscreen=&#8221;off&#8221; header_scroll_down=&#8221;off&#8221; parallax=&#8221;off&#8221; parallax_method=&#8221;off&#8221; content_orientation=&#8221;center&#8221; image_orientation=&#8221;center&#8221; custom_button_one=&#8221;off&#8221; button_one_letter_spacing=&#8221;0&#8243; button_one_use_icon=&#8221;default&#8221; button_one_icon_placement=&#8221;right&#8221; button_one_on_hover=&#8221;on&#8221; button_one_letter_spacing_hover=&#8221;0&#8243; custom_button_two=&#8221;off&#8221; button_two_letter_spacing=&#8221;0&#8243; button_two_use_icon=&#8221;default&#8221; button_two_icon_placement=&#8221;right&#8221; button_two_on_hover=&#8221;on&#8221; button_two_letter_spacing_hover=&#8221;0&#8243; background_url=&#8221;https:\/\/it.coppo1896.com\/wp-content\/uploads\/2016\/05\/Ventimiglia.jpg&#8221;] [\/et_pb_fullwidth_header][\/et_pb_section][et_pb_section admin_label=&#8221;section&#8221;][et_pb_row admin_label=&#8221;Riga&#8221;][et_pb_column type=&#8221;1_3&#8243;][et_pb_image admin_label=&#8221;Immagine&#8221; src=&#8221;https:\/\/it.coppo1896.com\/wp-content\/uploads\/2016\/05\/1896-sito.jpg&#8221; show_in_lightbox=&#8221;off&#8221; url_new_window=&#8221;off&#8221; use_overlay=&#8221;off&#8221; animation=&#8221;off&#8221; sticky=&#8221;off&#8221; align=&#8221;left&#8221; force_fullwidth=&#8221;off&#8221; always_center_on_mobile=&#8221;on&#8221; use_border_color=&#8221;off&#8221; border_color=&#8221;#ffffff&#8221; border_style=&#8221;solid&#8221;] [&hellip;]\" \/>\n<meta property=\"og:url\" content=\"https:\/\/it.coppo1896.com\/?page_id=77\" \/>\n<meta property=\"og:site_name\" content=\"Coppo 1896\" \/>\n<meta property=\"article:publisher\" content=\"https:\/\/www.facebook.com\/Coppo1896\/\" \/>\n<meta property=\"article:modified_time\" content=\"2020-05-07T16:44:25+00:00\" \/>\n<meta name=\"twitter:card\" content=\"summary_large_image\" \/>\n<meta name=\"twitter:label1\" content=\"Tempo di lettura stimato\" \/>\n\t<meta name=\"twitter:data1\" content=\"3 minuti\" \/>\n<script type=\"application\/ld+json\" class=\"yoast-schema-graph\">{\"@context\":\"https:\/\/schema.org\",\"@graph\":[{\"@type\":\"WebPage\",\"@id\":\"https:\/\/it.coppo1896.com\/?page_id=77\",\"url\":\"https:\/\/it.coppo1896.com\/?page_id=77\",\"name\":\"Storia - Coppo 1896\",\"isPartOf\":{\"@id\":\"https:\/\/it.coppo1896.com\/#website\"},\"datePublished\":\"2016-05-27T12:38:45+00:00\",\"dateModified\":\"2020-05-07T16:44:25+00:00\",\"breadcrumb\":{\"@id\":\"https:\/\/it.coppo1896.com\/?page_id=77#breadcrumb\"},\"inLanguage\":\"it-IT\",\"potentialAction\":[{\"@type\":\"ReadAction\",\"target\":[\"https:\/\/it.coppo1896.com\/?page_id=77\"]}]},{\"@type\":\"BreadcrumbList\",\"@id\":\"https:\/\/it.coppo1896.com\/?page_id=77#breadcrumb\",\"itemListElement\":[{\"@type\":\"ListItem\",\"position\":1,\"name\":\"Home\",\"item\":\"https:\/\/it.coppo1896.com\/\"},{\"@type\":\"ListItem\",\"position\":2,\"name\":\"Storia\"}]},{\"@type\":\"WebSite\",\"@id\":\"https:\/\/it.coppo1896.com\/#website\",\"url\":\"https:\/\/it.coppo1896.com\/\",\"name\":\"Coppo 1896\",\"description\":\"\",\"publisher\":{\"@id\":\"https:\/\/it.coppo1896.com\/#organization\"},\"potentialAction\":[{\"@type\":\"SearchAction\",\"target\":{\"@type\":\"EntryPoint\",\"urlTemplate\":\"https:\/\/it.coppo1896.com\/?s={search_term_string}\"},\"query-input\":{\"@type\":\"PropertyValueSpecification\",\"valueRequired\":true,\"valueName\":\"search_term_string\"}}],\"inLanguage\":\"it-IT\"},{\"@type\":\"Organization\",\"@id\":\"https:\/\/it.coppo1896.com\/#organization\",\"name\":\"Coppo 1896 Spa\",\"url\":\"https:\/\/it.coppo1896.com\/\",\"logo\":{\"@type\":\"ImageObject\",\"inLanguage\":\"it-IT\",\"@id\":\"https:\/\/it.coppo1896.com\/#\/schema\/logo\/image\/\",\"url\":\"https:\/\/it.coppo1896.com\/wp-content\/uploads\/2021\/05\/logo.png\",\"contentUrl\":\"https:\/\/it.coppo1896.com\/wp-content\/uploads\/2021\/05\/logo.png\",\"width\":200,\"height\":68,\"caption\":\"Coppo 1896 Spa\"},\"image\":{\"@id\":\"https:\/\/it.coppo1896.com\/#\/schema\/logo\/image\/\"},\"sameAs\":[\"https:\/\/www.facebook.com\/Coppo1896\/\",\"https:\/\/www.instagram.com\/coppo.1896.spa\/\"]}]}<\/script>\n<!-- \/ Yoast SEO plugin. -->","yoast_head_json":{"title":"Storia - Coppo 1896","robots":{"index":"index","follow":"follow","max-snippet":"max-snippet:-1","max-image-preview":"max-image-preview:large","max-video-preview":"max-video-preview:-1"},"canonical":"https:\/\/it.coppo1896.com\/?page_id=77","og_locale":"it_IT","og_type":"article","og_title":"Storia - Coppo 1896","og_description":"[et_pb_section admin_label=&#8221;section&#8221; fullwidth=&#8221;on&#8221; specialty=&#8221;off&#8221; inner_shadow=&#8221;off&#8221; parallax=&#8221;off&#8221; background_color=&#8221;#2ea3f2&#8243;][et_pb_fullwidth_header admin_label=&#8221;Fullwidth Header&#8221; title=&#8221;La nostra storia&#8221; subhead=&#8221;Pi\u00f9 di cent&#8217;anni di passione&#8221; background_layout=&#8221;dark&#8221; text_orientation=&#8221;left&#8221; header_fullscreen=&#8221;off&#8221; header_scroll_down=&#8221;off&#8221; parallax=&#8221;off&#8221; parallax_method=&#8221;off&#8221; content_orientation=&#8221;center&#8221; image_orientation=&#8221;center&#8221; custom_button_one=&#8221;off&#8221; button_one_letter_spacing=&#8221;0&#8243; button_one_use_icon=&#8221;default&#8221; button_one_icon_placement=&#8221;right&#8221; button_one_on_hover=&#8221;on&#8221; button_one_letter_spacing_hover=&#8221;0&#8243; custom_button_two=&#8221;off&#8221; button_two_letter_spacing=&#8221;0&#8243; button_two_use_icon=&#8221;default&#8221; button_two_icon_placement=&#8221;right&#8221; button_two_on_hover=&#8221;on&#8221; button_two_letter_spacing_hover=&#8221;0&#8243; background_url=&#8221;https:\/\/it.coppo1896.com\/wp-content\/uploads\/2016\/05\/Ventimiglia.jpg&#8221;] [\/et_pb_fullwidth_header][\/et_pb_section][et_pb_section admin_label=&#8221;section&#8221;][et_pb_row admin_label=&#8221;Riga&#8221;][et_pb_column type=&#8221;1_3&#8243;][et_pb_image admin_label=&#8221;Immagine&#8221; src=&#8221;https:\/\/it.coppo1896.com\/wp-content\/uploads\/2016\/05\/1896-sito.jpg&#8221; show_in_lightbox=&#8221;off&#8221; url_new_window=&#8221;off&#8221; use_overlay=&#8221;off&#8221; animation=&#8221;off&#8221; sticky=&#8221;off&#8221; align=&#8221;left&#8221; force_fullwidth=&#8221;off&#8221; always_center_on_mobile=&#8221;on&#8221; use_border_color=&#8221;off&#8221; border_color=&#8221;#ffffff&#8221; border_style=&#8221;solid&#8221;] [&hellip;]","og_url":"https:\/\/it.coppo1896.com\/?page_id=77","og_site_name":"Coppo 1896","article_publisher":"https:\/\/www.facebook.com\/Coppo1896\/","article_modified_time":"2020-05-07T16:44:25+00:00","twitter_card":"summary_large_image","twitter_misc":{"Tempo di lettura stimato":"3 minuti"},"schema":{"@context":"https:\/\/schema.org","@graph":[{"@type":"WebPage","@id":"https:\/\/it.coppo1896.com\/?page_id=77","url":"https:\/\/it.coppo1896.com\/?page_id=77","name":"Storia - Coppo 1896","isPartOf":{"@id":"https:\/\/it.coppo1896.com\/#website"},"datePublished":"2016-05-27T12:38:45+00:00","dateModified":"2020-05-07T16:44:25+00:00","breadcrumb":{"@id":"https:\/\/it.coppo1896.com\/?page_id=77#breadcrumb"},"inLanguage":"it-IT","potentialAction":[{"@type":"ReadAction","target":["https:\/\/it.coppo1896.com\/?page_id=77"]}]},{"@type":"BreadcrumbList","@id":"https:\/\/it.coppo1896.com\/?page_id=77#breadcrumb","itemListElement":[{"@type":"ListItem","position":1,"name":"Home","item":"https:\/\/it.coppo1896.com\/"},{"@type":"ListItem","position":2,"name":"Storia"}]},{"@type":"WebSite","@id":"https:\/\/it.coppo1896.com\/#website","url":"https:\/\/it.coppo1896.com\/","name":"Coppo 1896","description":"","publisher":{"@id":"https:\/\/it.coppo1896.com\/#organization"},"potentialAction":[{"@type":"SearchAction","target":{"@type":"EntryPoint","urlTemplate":"https:\/\/it.coppo1896.com\/?s={search_term_string}"},"query-input":{"@type":"PropertyValueSpecification","valueRequired":true,"valueName":"search_term_string"}}],"inLanguage":"it-IT"},{"@type":"Organization","@id":"https:\/\/it.coppo1896.com\/#organization","name":"Coppo 1896 Spa","url":"https:\/\/it.coppo1896.com\/","logo":{"@type":"ImageObject","inLanguage":"it-IT","@id":"https:\/\/it.coppo1896.com\/#\/schema\/logo\/image\/","url":"https:\/\/it.coppo1896.com\/wp-content\/uploads\/2021\/05\/logo.png","contentUrl":"https:\/\/it.coppo1896.com\/wp-content\/uploads\/2021\/05\/logo.png","width":200,"height":68,"caption":"Coppo 1896 Spa"},"image":{"@id":"https:\/\/it.coppo1896.com\/#\/schema\/logo\/image\/"},"sameAs":["https:\/\/www.facebook.com\/Coppo1896\/","https:\/\/www.instagram.com\/coppo.1896.spa\/"]}]}},"_links":{"self":[{"href":"https:\/\/it.coppo1896.com\/index.php?rest_route=\/wp\/v2\/pages\/77","targetHints":{"allow":["GET"]}}],"collection":[{"href":"https:\/\/it.coppo1896.com\/index.php?rest_route=\/wp\/v2\/pages"}],"about":[{"href":"https:\/\/it.coppo1896.com\/index.php?rest_route=\/wp\/v2\/types\/page"}],"author":[{"embeddable":true,"href":"https:\/\/it.coppo1896.com\/index.php?rest_route=\/wp\/v2\/users\/2"}],"replies":[{"embeddable":true,"href":"https:\/\/it.coppo1896.com\/index.php?rest_route=%2Fwp%2Fv2%2Fcomments&post=77"}],"version-history":[{"count":12,"href":"https:\/\/it.coppo1896.com\/index.php?rest_route=\/wp\/v2\/pages\/77\/revisions"}],"predecessor-version":[{"id":414,"href":"https:\/\/it.coppo1896.com\/index.php?rest_route=\/wp\/v2\/pages\/77\/revisions\/414"}],"wp:attachment":[{"href":"https:\/\/it.coppo1896.com\/index.php?rest_route=%2Fwp%2Fv2%2Fmedia&parent=77"}],"curies":[{"name":"wp","href":"https:\/\/api.w.org\/{rel}","templated":true}]}}